{"id":69,"date":"2025-10-30T16:21:47","date_gmt":"2025-10-30T15:21:47","guid":{"rendered":"https:\/\/www.lovelight.at\/LoveLight\/?page_id=69"},"modified":"2025-12-19T10:11:36","modified_gmt":"2025-12-19T09:11:36","slug":"generated-homepage","status":"publish","type":"page","link":"https:\/\/www.lovelight.at\/","title":{"rendered":"Homepage"},"content":{"rendered":"<h1 style=\"\">Lebe deine Berufung<\/h1>\n<p style=\"\">Du bist hier mit vielen einzigartigen Gaben!<\/p>\n<p style=\"\">Nutze Sie um dein Leben so zu leben, wie dein h\u00f6chstes Selbst es f\u00fcr dich vorsieht und &nbsp;zum h\u00f6chsten Wohle aller.<\/p>\n<p style=\"\">Ich freue mich dich auf deinem Weg in deine neue Zukunft zu begleiten!<\/p>\n<p style=\"\">Gemeinsam mit deinem h\u00f6chsten Selbst machen wir Reisen in die geistige Welt um dein wahres Potential zu entfesseln.<\/p>\n<p style=\"\">Thomas Schmid<\/p>\n<p>youtube.com\/@LoveLightEarth<\/p>\n<p style=\"\">&#8220;Ich begleite dich auf deinem Weg in dein Neues Lebens.&#8221;<\/p>\n<p><span style=\"\"><img decoding=\"async\" alt=\"woman in black long sleeve shirt sitting on white couch\" data-id=\"170\" width=\"238\" data-init-width=\"1080\" height=\"357\" data-init-height=\"1620\" title=\"Photo by Jonathan Borba\" loading=\"lazy\" src=\"https:\/\/www.lovelight.at\/wp-content\/uploads\/2025\/12\/n1B6ftPB5Eg.jpg\" data-width=\"238\" data-height=\"357\" style=\"aspect-ratio: auto 1080 \/ 1620;\" mt-d=\"-12\" ml-d=\"0\" center-h-d=\"false\" center-v-d=\"false\"><\/span><\/p>\n<p>Mir hat diese intensive Begleitung in meiner Berufungsfrage gut getan, oft haben mich unsere Sitzungen auch beseelt und in meine Lebensfreude zur\u00fcckgeholt. Ich habe mich weiter entwickelt, sp\u00fcre mehr Klarheit, innere Ruhe und St\u00e4rke.<\/p>\n<p style=\"\">Tanja<\/p>\n<p style=\"\">Begleitet Menschen in Wandelzeiten<\/p>\n<h2 style=\"text-align: center;\">Wobei kann ich dich unterst\u00fctzen?<\/h2>\n<p><span><img decoding=\"async\" alt=\"\" data-id=\"131\" width=\"338\" data-init-width=\"962\" height=\"338\" data-init-height=\"960\" title=\"wings\" loading=\"lazy\" src=\"https:\/\/www.lovelight.at\/wp-content\/uploads\/2025\/11\/wings.png\" data-width=\"338\" data-height=\"338\" style=\"aspect-ratio: auto 962 \/ 960;\"><\/span><\/p>\n<p>Du m\u00f6chtest dich selbstst\u00e4ndig machen?<\/p>\n<p>Du hast ein Projekt vor oder willst ein Ziele erreichen?<\/p>\n<p>Du m\u00f6chtest in deinem Leben voran kommen?<\/p>\n<p>Du hast innere Themen die es zu l\u00f6sen gibt?<\/p>\n<h5 style=\"\">1:1 Coaching<\/h5>\n<p style=\"\">Pers\u00f6nliche Begleitung zu deinen Lebensthemen.<\/p>\n<h5>Social Media<\/h5>\n<p style=\"\">Unterst\u00fctzung beim Aufbau eines Social Media Kanals (YouTube, Instagram, &#8230;)<\/p>\n<h5>Digitale Begleitung<\/h5>\n<p style=\"\">Homepage? Video Schnitt? Registrierkasse? Ich unterst\u00fctze dich bei technischen Herausforderung.<\/p>\n<h2 style=\"text-align: center;\">Feedback von Kunden<\/h2>\n<p><span style=\"\"><img decoding=\"async\" alt=\"man in black hoodie wearing black framed eyeglasses\" data-id=\"165\" width=\"173\" data-init-width=\"1080\" height=\"260\" data-init-height=\"1620\" title=\"Photo by Charlie Green\" loading=\"lazy\" src=\"https:\/\/www.lovelight.at\/wp-content\/uploads\/2025\/12\/3JmfENcL24M.jpg\" data-width=\"173\" data-height=\"260\" style=\"aspect-ratio: auto 1080 \/ 1620;\" mt-d=\"-25\" ml-d=\"0\" center-v-d=\"false\"><\/span><\/p>\n<p style=\"\">Thomas gab mir Mathematik Nachhilfe und ich habe spielerisch und leicht gecheckt um was es geht! Danke \ud83d\ude42<\/p>\n<p style=\"\">AHMED<\/p>\n<p><span style=\"\"><img decoding=\"async\" alt=\"woman in gray V-neck top taking a selfie\" data-id=\"167\" width=\"173\" data-init-width=\"1080\" height=\"260\" data-init-height=\"1628\" title=\"Photo by Ty Carlson\" loading=\"lazy\" src=\"https:\/\/www.lovelight.at\/wp-content\/uploads\/2025\/12\/6TLxH30vmWM.jpg\" data-width=\"173\" data-height=\"260\" style=\"aspect-ratio: auto 1080 \/ 1628;\" mt-d=\"-25\" ml-d=\"0\" center-v-d=\"false\"><\/span><\/p>\n<p style=\"\">Was Thomas in einem Beziehung Coaching in mir bewegt hat, bewegen andere nicht in zehn Coachings. Vielen lieben Dank!!<\/p>\n<p style=\"\">MArion<\/p>\n<p><span style=\"\"><img decoding=\"async\" alt=\"woman standing near white petaled flower\" data-id=\"164\" width=\"173\" data-init-width=\"1080\" height=\"260\" data-init-height=\"1624\" title=\"Photo by Alexandru Zdrob\u0103u\" loading=\"lazy\" src=\"https:\/\/www.lovelight.at\/wp-content\/uploads\/2025\/12\/BGz8vO3pK8k.jpg\" data-width=\"173\" data-height=\"260\" style=\"aspect-ratio: auto 1080 \/ 1624;\" mt-d=\"-25\" ml-d=\"0\" center-v-d=\"false\"><\/span><\/p>\n<p style=\"\">Ich habe mit seiner Hilfe ein Registrierkassen System f\u00fcr meine Firma eingerichtet, das ging schnell und einfach!<\/p>\n<p style=\"\">Anita<\/p>\n<p><span style=\"\"><img decoding=\"async\" alt=\"man in blue suit jacket\" data-id=\"169\" width=\"173\" data-init-width=\"1080\" height=\"260\" data-init-height=\"1620\" title=\"Photo by Fortune Vieyra\" loading=\"lazy\" src=\"https:\/\/www.lovelight.at\/wp-content\/uploads\/2025\/12\/QIMjYJSFoXM.jpg\" data-width=\"173\" data-height=\"260\" style=\"aspect-ratio: auto 1080 \/ 1620;\" mt-d=\"-25\" ml-d=\"0\" center-v-d=\"false\"><\/span><\/p>\n<p style=\"\">Thomas hat mich beim &nbsp;Produzieren meines Musikvideos unterst\u00fctzt und mit mir ein Konzert in Wien veranstaltet!<\/p>\n<p style=\"\">Madua<\/p>\n<h3 style=\"\">Thomas Schmid<\/h3>\n<p>In meiner Jugend begann ich mich mit Spiritualit\u00e4t zu besch\u00e4ftigen als ich das Buch &#8220;Die Prophezeiungen von Celestine&#8221; las und fragt mich nach den Hintergr\u00fcnden des Lebens: Wieso ist die Welt wie sie ist? Gibt es Gott? K\u00f6nnen wir die Aura sehen? Wie funktioniert Telepathie?&#8221; Auf meiner Reise zur Erkenntnis erprobte ich mich in zahlreichen Berufen, lebte an vielen verschieden Orten und stellte mich immer neuen Herausforderungen. Doch erst mit der Ausbildung zum NeuSch\u00f6pfungsBerater habe ich meinen Zugang zu meinem H\u00f6chsten G\u00f6ttlichen Selbst erkannt und somit meine Berufung:<\/p>\n<p><strong>Den Menschen ihre G\u00f6ttlichkeit wieder bewusst machen!<\/strong><\/p>\n<p><a href=\"\" target=\"_blank\" rel=\"nofollow noopener\" data-dynamic-link=\"thrive_global_fields_url\" data-shortcode-id=\"fb\" data-id=\"icon-facebook\"><span style=\"\"><\/span><\/a><a href=\"https:\/\/www.youtube.com\/@LoveLightEarth\" target=\"_blank\" rel=\"nofollow noopener\" data-dynamic-link=\"thrive_global_fields_url\" data-shortcode-id=\"yt\" data-id=\"icon-youtube\"><span style=\"\"><\/span><\/a><a href=\"\" target=\"_blank\" rel=\"nofollow noopener\" data-dynamic-link=\"thrive_global_fields_url\" data-shortcode-id=\"in\" data-id=\"icon-linkedin\"><span style=\"\"><\/span><\/a><a href=\"https:\/\/www.instagram.com\/lovelight.at\/\" target=\"_blank\" rel=\"nofollow noopener\" data-dynamic-link=\"thrive_global_fields_url\" data-shortcode-id=\"ig\" data-id=\"icon-instagram\"><span style=\"\"><\/span><\/a><\/p>\n<p style=\"\">\n<h1>LoveLight Zoom Call<\/h1>\n<h3 style=\"\">Lerne mich pers\u00f6nlich bei einem Zoom Meeting kennen! Erhalte den n\u00e4chsten Termin per E-Mail.<\/h3>\n<h5 style=\"\">Finde den Weg zu dir<\/h5>\n","protected":false},"excerpt":{"rendered":"<p>Lebe deine Berufung Du bist hier mit vielen einzigartigen Gaben! Nutze Sie um dein Leben so zu leben, wie dein h\u00f6chstes Selbst es f\u00fcr dich vorsieht und &nbsp;zum h\u00f6chsten Wohle aller. Ich freue mich dich auf deinem Weg in deine neue Zukunft zu begleiten! Gemeinsam mit deinem h\u00f6chsten Selbst machen wir Reisen in die geistige [&hellip;]<\/p>\n","protected":false},"author":1,"featured_media":0,"parent":0,"menu_order":0,"comment_status":"closed","ping_status":"closed","template":"","meta":{"_acf_changed":false,"footnotes":""},"class_list":["post-69","page","type-page","status-publish","hentry","post-wrapper","thrv_wrapper"],"acf":[],"_links":{"self":[{"href":"https:\/\/www.lovelight.at\/index.php?rest_route=\/wp\/v2\/pages\/69","targetHints":{"allow":["GET"]}}],"collection":[{"href":"https:\/\/www.lovelight.at\/index.php?rest_route=\/wp\/v2\/pages"}],"about":[{"href":"https:\/\/www.lovelight.at\/index.php?rest_route=\/wp\/v2\/types\/page"}],"author":[{"embeddable":true,"href":"https:\/\/www.lovelight.at\/index.php?rest_route=\/wp\/v2\/users\/1"}],"replies":[{"embeddable":true,"href":"https:\/\/www.lovelight.at\/index.php?rest_route=%2Fwp%2Fv2%2Fcomments&post=69"}],"version-history":[{"count":33,"href":"https:\/\/www.lovelight.at\/index.php?rest_route=\/wp\/v2\/pages\/69\/revisions"}],"predecessor-version":[{"id":180,"href":"https:\/\/www.lovelight.at\/index.php?rest_route=\/wp\/v2\/pages\/69\/revisions\/180"}],"wp:attachment":[{"href":"https:\/\/www.lovelight.at\/index.php?rest_route=%2Fwp%2Fv2%2Fmedia&parent=69"}],"curies":[{"name":"wp","href":"https:\/\/api.w.org\/{rel}","templated":true}]}}